{"id":123,"date":"2025-09-07T16:39:21","date_gmt":"2025-09-07T16:39:21","guid":{"rendered":"https:\/\/www.fondazioneambrosoli.it\/shop\/?post_type=product&#038;p=123"},"modified":"2025-09-08T10:47:39","modified_gmt":"2025-09-08T10:47:39","slug":"segnalibro-personalizzato","status":"publish","type":"product","link":"https:\/\/www.fondazioneambrosoli.it\/shop\/prodotto\/segnalibro-personalizzato\/","title":{"rendered":"BIGLIETTO SEGNALIBRO PERSONALIZZABILE"},"content":{"rendered":"<p>Un segno di solidariet\u00e0 che accompagna ogni pagina: il nostro segnalibro personalizzato \u00e8 un ricordo prezioso che aiuta concretamente le comunit\u00e0 in Uganda, sostenendo i progetti della Fondazione Ambrosoli per migliorare le condizioni di vita e favorire l'accesso a salute e istruzione.<\/p>\n<p><strong>IL SEGNALIBRO:\u00a0<\/strong><\/p>\n<ul>\n<li>Fronte e retro a colori<\/li>\n<li>Formato 6,5x20 cm<\/li>\n<li>In carta 350gr\u00a0 (con possibilit\u00e0 di plastificazione)<\/li>\n<\/ul>\n<p><strong>PERSONALIZZAZIONI:<\/strong><\/p>\n<p>Potrai destinare la donazione al progetto che pi\u00f9 ti sta a cuore e contribuire alla salute dei pi\u00f9 fragili in Uganda.<strong> Scrivici a\u00a0<a href=\"mailto:info@fondazioneambrosoli.it\">info@fondazioneambrosoli.it<\/a>\u00a0o chiamaci allo 02.36558852<\/strong>, saremo felici di aiutarti a scegliere la personalizzazione della tua bomboniera solidale!<\/p>\n<p><strong>TEMPI DI LAVORAZIONE<\/strong><\/p>\n<p>Dal momento dell\u2019ordine online, i tempi di lavorazione sono di circa 2 settimane.<\/p>\n<p><strong>COME FUNZIONA<\/strong><\/p>\n<ul>\n<li>Contattaci se hai bisogno di informazioni o personalizzazioni<\/li>\n<li>Procedi con l\u2019ordine sul sito<\/li>\n<\/ul>\n<p><strong>GRAZIE!<\/strong><\/p>\n<p>&nbsp;<\/p>\n<div id=\"text_block-189-10199\" class=\"ct-text-block\"><\/div>\n<div id=\"text_block-193-10199\" class=\"ct-text-block\"><\/div>\n","protected":false},"excerpt":{"rendered":"<p>Un segno di solidariet\u00e0 che accompagna ogni pagina: il nostro segnalibro personalizzato \u00e8 un ricordo prezioso che aiuta concretamente le comunit\u00e0 in Uganda, sostenendo i progetti della Fondazione Ambrosoli per migliorare le condizioni di vita e favorire l'accesso a salute e istruzione. IL SEGNALIBRO:\u00a0 Fronte e retro a colori Formato 6,5x20 cm In carta 350gr\u00a0 [&hellip;]<\/p>\n","protected":false},"featured_media":502,"template":"","meta":{"_acf_changed":false,"inline_featured_image":false},"product_brand":[],"product_cat":[35,29],"product_tag":[],"class_list":{"0":"post-123","1":"product","2":"type-product","3":"status-publish","4":"has-post-thumbnail","6":"product_cat-in-evidenza","7":"product_cat-lieti-eventi","9":"first","10":"instock","11":"shipping-taxable","12":"purchasable","13":"product-type-simple"},"acf":[],"_links":{"self":[{"href":"https:\/\/www.fondazioneambrosoli.it\/shop\/wp-json\/wp\/v2\/product\/123","targetHints":{"allow":["GET"]}}],"collection":[{"href":"https:\/\/www.fondazioneambrosoli.it\/shop\/wp-json\/wp\/v2\/product"}],"about":[{"href":"https:\/\/www.fondazioneambrosoli.it\/shop\/wp-json\/wp\/v2\/types\/product"}],"wp:featuredmedia":[{"embeddable":true,"href":"https:\/\/www.fondazioneambrosoli.it\/shop\/wp-json\/wp\/v2\/media\/502"}],"wp:attachment":[{"href":"https:\/\/www.fondazioneambrosoli.it\/shop\/wp-json\/wp\/v2\/media?parent=123"}],"wp:term":[{"taxonomy":"product_brand","embeddable":true,"href":"https:\/\/www.fondazioneambrosoli.it\/shop\/wp-json\/wp\/v2\/product_brand?post=123"},{"taxonomy":"product_cat","embeddable":true,"href":"https:\/\/www.fondazioneambrosoli.it\/shop\/wp-json\/wp\/v2\/product_cat?post=123"},{"taxonomy":"product_tag","embeddable":true,"href":"https:\/\/www.fondazioneambrosoli.it\/shop\/wp-json\/wp\/v2\/product_tag?post=123"}],"curies":[{"name":"wp","href":"https:\/\/api.w.org\/{rel}","templated":true}]}}