{"id":301,"date":"2024-09-20T18:57:55","date_gmt":"2024-09-20T18:57:55","guid":{"rendered":"https:\/\/www.fondazioneambrosoli.it\/shop\/?post_type=product&#038;p=301"},"modified":"2024-12-20T09:13:03","modified_gmt":"2024-12-20T09:13:03","slug":"tris-di-pate-di-olive-buoni-buoni","status":"publish","type":"product","link":"https:\/\/www.fondazioneambrosoli.it\/shop\/prodotto\/tris-di-pate-di-olive-buoni-buoni\/","title":{"rendered":"Tris di pat\u00e9 di olive Buoni Buoni"},"content":{"rendered":"<div id=\"text_block-10-10199\" class=\"ct-text-block\">\n<p>La confezione speciale contiene tre deliziose varianti di pat\u00e8 da 90 gr. ciascuna, firmate <strong>Buoni Buoni<\/strong>:<\/p>\n<p><strong>Pat\u00e8 di olive nere e acciughe<\/strong>: Un\u2019esplosione di sapori mediterranei, perfetto per chi ama i gusti intensi.<\/p>\n<p><strong>Pat\u00e8 di olive verdi e mandorle<\/strong>: Una combinazione delicata e sorprendente, ideale per chi cerca un equilibrio tra dolcezza e sapidit\u00e0.<\/p>\n<p><strong>Pat\u00e8 di olive all\u2019arancia<\/strong>: Un mix unico di olive verdi e nere con una fresca nota agrumata di scorza d\u2019arancia calabrese.<\/p>\n<p>Un tris raffinato per esaltare ogni occasione speciale, perfetto da gustare su crostini, pane fresco o per arricchire i tuoi piatti preferiti.<\/p>\n<p><strong>La confezione contiene:<\/strong><\/p>\n<p><strong>1 Pat\u00e8 olive e acciughe gr.90 + 1 Pat\u00e8 olive e mandorle gr.90 + 1 Pat\u00e8 olive all\u2019arancia gr.90 <\/strong><\/p>\n<\/div>\n<div id=\"div_block-148-10199\" class=\"ct-div-block\">\n<div id=\"text_block-152-10199\" class=\"ct-text-block\"><\/div>\n<\/div>\n<div id=\"text_block-193-10199\" class=\"ct-text-block\"><\/div>\n","protected":false},"excerpt":{"rendered":"<p>La confezione speciale contiene tre deliziose varianti di pat\u00e8 da 90 gr. ciascuna, firmate Buoni Buoni: Pat\u00e8 di olive nere e acciughe: Un\u2019esplosione di sapori mediterranei, perfetto per chi ama i gusti intensi. Pat\u00e8 di olive verdi e mandorle: Una combinazione delicata e sorprendente, ideale per chi cerca un equilibrio tra dolcezza e sapidit\u00e0. Pat\u00e8 [&hellip;]<\/p>\n","protected":false},"featured_media":339,"template":"","meta":{"_acf_changed":false,"inline_featured_image":false},"product_brand":[],"product_cat":[21],"product_tag":[],"class_list":{"0":"post-301","1":"product","2":"type-product","3":"status-publish","4":"has-post-thumbnail","6":"product_cat-senza-categoria","8":"first","9":"outofstock","10":"shipping-taxable","11":"purchasable","12":"product-type-simple"},"acf":[],"_links":{"self":[{"href":"https:\/\/www.fondazioneambrosoli.it\/shop\/wp-json\/wp\/v2\/product\/301","targetHints":{"allow":["GET"]}}],"collection":[{"href":"https:\/\/www.fondazioneambrosoli.it\/shop\/wp-json\/wp\/v2\/product"}],"about":[{"href":"https:\/\/www.fondazioneambrosoli.it\/shop\/wp-json\/wp\/v2\/types\/product"}],"wp:featuredmedia":[{"embeddable":true,"href":"https:\/\/www.fondazioneambrosoli.it\/shop\/wp-json\/wp\/v2\/media\/339"}],"wp:attachment":[{"href":"https:\/\/www.fondazioneambrosoli.it\/shop\/wp-json\/wp\/v2\/media?parent=301"}],"wp:term":[{"taxonomy":"product_brand","embeddable":true,"href":"https:\/\/www.fondazioneambrosoli.it\/shop\/wp-json\/wp\/v2\/product_brand?post=301"},{"taxonomy":"product_cat","embeddable":true,"href":"https:\/\/www.fondazioneambrosoli.it\/shop\/wp-json\/wp\/v2\/product_cat?post=301"},{"taxonomy":"product_tag","embeddable":true,"href":"https:\/\/www.fondazioneambrosoli.it\/shop\/wp-json\/wp\/v2\/product_tag?post=301"}],"curies":[{"name":"wp","href":"https:\/\/api.w.org\/{rel}","templated":true}]}}